{"id":9707,"date":"2026-03-25T21:21:52","date_gmt":"2026-03-25T20:21:52","guid":{"rendered":"https:\/\/magazinewise.nl\/energiekleiden\/?page_id=9707"},"modified":"2026-04-16T16:24:57","modified_gmt":"2026-04-16T14:24:57","slug":"doe-je-mee","status":"publish","type":"page","link":"https:\/\/magazinewise.nl\/energiekleiden\/doe-je-mee\/","title":{"rendered":"Doe je mee?"},"content":{"rendered":"\t\t<div data-elementor-type=\"wp-page\" data-elementor-id=\"9707\" class=\"elementor elementor-9707\" data-elementor-post-type=\"page\">\n\t\t\t\t<div class=\"elementor-element elementor-element-e6c7c1a e-flex e-con-boxed e-con e-parent\" data-id=\"e6c7c1a\" data-element_type=\"container\" data-e-type=\"container\" data-settings=\"{&quot;background_background&quot;:&quot;classic&quot;}\">\n\t\t\t\t\t<div class=\"e-con-inner\">\n\t\t<div class=\"elementor-element elementor-element-9d0d4c7 e-con-full e-flex e-con e-child\" data-id=\"9d0d4c7\" data-element_type=\"container\" data-e-type=\"container\">\n\t\t\t\t<div class=\"elementor-element elementor-element-b4ec739 elementor-widget elementor-widget-text-editor\" data-id=\"b4ec739\" data-element_type=\"widget\" data-e-type=\"widget\" data-widget_type=\"text-editor.default\">\n\t\t\t\t<div class=\"elementor-widget-container\">\n\t\t\t\t\t\t\t\t\t<h2>Word vrijwilliger of lid<\/h2><h1>Doe je mee?<\/h1><h3>Bij Energiek Leiden zijn tientallen vrijwilligers actief in vele verschillende rollen. Jij kunt je ook aansluiten bij deze groeiende en energieke beweging in Leiden. Als energiecoach of Energiefixer of misschien in een van de andere rollen. Lees er hier meer over en kom een kop koffie drinken. Dan kijken we samen welke rol het beste bij jou past!<\/h3>\t\t\t\t\t\t\t\t<\/div>\n\t\t\t\t<\/div>\n\t\t\t\t<\/div>\n\t\t<div class=\"elementor-element elementor-element-5d5378e e-con-full e-flex elementor-invisible e-con e-child\" data-id=\"5d5378e\" data-element_type=\"container\" data-e-type=\"container\" data-settings=\"{&quot;background_background&quot;:&quot;slideshow&quot;,&quot;background_slideshow_gallery&quot;:[{&quot;id&quot;:8301,&quot;url&quot;:&quot;https:\\\/\\\/magazinewise.nl\\\/energiekleiden\\\/wp-content\\\/uploads\\\/2026\\\/01\\\/B041205.jpg&quot;},{&quot;id&quot;:8303,&quot;url&quot;:&quot;https:\\\/\\\/magazinewise.nl\\\/energiekleiden\\\/wp-content\\\/uploads\\\/2026\\\/01\\\/B041261.jpg&quot;},{&quot;id&quot;:8302,&quot;url&quot;:&quot;https:\\\/\\\/magazinewise.nl\\\/energiekleiden\\\/wp-content\\\/uploads\\\/2026\\\/01\\\/B041226.jpg&quot;}],&quot;background_slideshow_slide_duration&quot;:8000,&quot;animation&quot;:&quot;fadeIn&quot;,&quot;background_slideshow_loop&quot;:&quot;yes&quot;,&quot;background_slideshow_slide_transition&quot;:&quot;fade&quot;,&quot;background_slideshow_transition_duration&quot;:500}\">\n\t\t\t\t<\/div>\n\t\t\t\t\t<\/div>\n\t\t\t\t<\/div>\n\t\t<div class=\"elementor-element elementor-element-96816b4 e-flex e-con-boxed e-con e-parent\" data-id=\"96816b4\" data-element_type=\"container\" data-e-type=\"container\" data-settings=\"{&quot;background_background&quot;:&quot;classic&quot;}\">\n\t\t\t\t\t<div class=\"e-con-inner\">\n\t\t<div class=\"elementor-element elementor-element-0643df1 e-grid e-con-full e-con e-child\" data-id=\"0643df1\" data-element_type=\"container\" data-e-type=\"container\">\n\t\t<div class=\"elementor-element elementor-element-30dd833 e-con-full e-flex elementor-invisible e-con e-child\" data-id=\"30dd833\" data-element_type=\"container\" data-e-type=\"container\" data-settings=\"{&quot;background_background&quot;:&quot;classic&quot;,&quot;animation&quot;:&quot;zoomIn&quot;}\">\n\t\t<div class=\"elementor-element elementor-element-68f4d25 e-con-full e-flex e-con e-child\" data-id=\"68f4d25\" data-element_type=\"container\" data-e-type=\"container\">\n\t\t\t\t<div class=\"elementor-element elementor-element-a6d8fb1 elementor-widget elementor-widget-heading\" data-id=\"a6d8fb1\" data-element_type=\"widget\" data-e-type=\"widget\" data-widget_type=\"heading.default\">\n\t\t\t\t<div class=\"elementor-widget-container\">\n\t\t\t\t\t<h2 class=\"elementor-heading-title elementor-size-default\">Word vrijwilliger als energiecoach<\/h2>\t\t\t\t<\/div>\n\t\t\t\t<\/div>\n\t\t\t\t<div class=\"elementor-element elementor-element-53c6b00 elementor-widget elementor-widget-text-editor\" data-id=\"53c6b00\" data-element_type=\"widget\" data-e-type=\"widget\" data-widget_type=\"text-editor.default\">\n\t\t\t\t<div class=\"elementor-widget-container\">\n\t\t\t\t\t\t\t\t\t<p>Energiecoaches geven huiseigenaren praktisch advies op maat over verduurzaming en energiebesparing. Wil jij ook bij dit team horen en andere Leidenaren helpen? Dat kan! Meld je aan als ge\u00efnteresseerde en ontvang een gratis training.<\/p>\t\t\t\t\t\t\t\t<\/div>\n\t\t\t\t<\/div>\n\t\t\t\t<\/div>\n\t\t\t\t<div class=\"elementor-element elementor-element-9eb8b71 elementor-widget elementor-widget-button\" data-id=\"9eb8b71\" data-element_type=\"widget\" data-e-type=\"widget\" data-widget_type=\"button.default\">\n\t\t\t\t<div class=\"elementor-widget-container\">\n\t\t\t\t\t\t\t\t\t<div class=\"elementor-button-wrapper\">\n\t\t\t\t\t<a class=\"elementor-button elementor-button-link elementor-size-sm elementor-animation-grow\" href=\"https:\/\/magazinewise.nl\/energiekleiden\/word-energiecoach\/\">\n\t\t\t\t\t\t<span class=\"elementor-button-content-wrapper\">\n\t\t\t\t\t\t<span class=\"elementor-button-icon\">\n\t\t\t\t<svg xmlns=\"http:\/\/www.w3.org\/2000\/svg\" id=\"Laag_1\" data-name=\"Laag 1\" viewBox=\"0 0 50 50\"><path d=\"M49.74,26.29s0-.03.02-.05c.15-.38.24-.8.24-1.24s-.09-.85-.24-1.24c0-.02,0-.03-.02-.05-.17-.42-.42-.8-.74-1.11l-11.47-11.47c-1.32-1.32-3.47-1.32-4.79,0-1.32,1.32-1.32,3.47,0,4.79l5.69,5.69H3.39c-1.87,0-3.39,1.52-3.39,3.39s1.52,3.39,3.39,3.39h35.03l-5.69,5.69c-1.32,1.32-1.32,3.47,0,4.79.66.66,1.53.99,2.4.99s1.73-.33,2.4-.99l11.47-11.47c.32-.32.57-.69.74-1.11Z\"><\/path><\/svg>\t\t\t<\/span>\n\t\t\t\t\t\t\t\t\t<span class=\"elementor-button-text\">Lees verder<\/span>\n\t\t\t\t\t<\/span>\n\t\t\t\t\t<\/a>\n\t\t\t\t<\/div>\n\t\t\t\t\t\t\t\t<\/div>\n\t\t\t\t<\/div>\n\t\t\t\t<\/div>\n\t\t<div class=\"elementor-element elementor-element-00fa64d e-con-full e-flex elementor-invisible e-con e-child\" data-id=\"00fa64d\" data-element_type=\"container\" data-e-type=\"container\" data-settings=\"{&quot;background_background&quot;:&quot;classic&quot;,&quot;animation&quot;:&quot;zoomIn&quot;}\">\n\t\t<div class=\"elementor-element elementor-element-7e91e3f e-con-full e-flex e-con e-child\" data-id=\"7e91e3f\" data-element_type=\"container\" data-e-type=\"container\">\n\t\t\t\t<div class=\"elementor-element elementor-element-49d9efc elementor-widget elementor-widget-heading\" data-id=\"49d9efc\" data-element_type=\"widget\" data-e-type=\"widget\" data-widget_type=\"heading.default\">\n\t\t\t\t<div class=\"elementor-widget-container\">\n\t\t\t\t\t<h2 class=\"elementor-heading-title elementor-size-default\">Word Energiefixer en help huurders energie besparen<\/h2>\t\t\t\t<\/div>\n\t\t\t\t<\/div>\n\t\t\t\t<div class=\"elementor-element elementor-element-f468c16 elementor-widget elementor-widget-text-editor\" data-id=\"f468c16\" data-element_type=\"widget\" data-e-type=\"widget\" data-widget_type=\"text-editor.default\">\n\t\t\t\t<div class=\"elementor-widget-container\">\n\t\t\t\t\t\t\t\t\t<p>Energiefixers helpen huurders om energie te besparen en de energierekening te verlagen. Wil jij ook als fixer aan de slag? Dat kan! Meld je aan als ge\u00efnteresseerde en ontvang een gratis training.<\/p>\t\t\t\t\t\t\t\t<\/div>\n\t\t\t\t<\/div>\n\t\t\t\t<\/div>\n\t\t\t\t<div class=\"elementor-element elementor-element-d3587b9 elementor-widget elementor-widget-button\" data-id=\"d3587b9\" data-element_type=\"widget\" data-e-type=\"widget\" data-widget_type=\"button.default\">\n\t\t\t\t<div class=\"elementor-widget-container\">\n\t\t\t\t\t\t\t\t\t<div class=\"elementor-button-wrapper\">\n\t\t\t\t\t<a class=\"elementor-button elementor-button-link elementor-size-sm elementor-animation-grow\" href=\"https:\/\/magazinewise.nl\/energiekleiden\/word-energiefixer\/\">\n\t\t\t\t\t\t<span class=\"elementor-button-content-wrapper\">\n\t\t\t\t\t\t<span class=\"elementor-button-icon\">\n\t\t\t\t<svg xmlns=\"http:\/\/www.w3.org\/2000\/svg\" id=\"Laag_1\" data-name=\"Laag 1\" viewBox=\"0 0 50 50\"><path d=\"M49.74,26.29s0-.03.02-.05c.15-.38.24-.8.24-1.24s-.09-.85-.24-1.24c0-.02,0-.03-.02-.05-.17-.42-.42-.8-.74-1.11l-11.47-11.47c-1.32-1.32-3.47-1.32-4.79,0-1.32,1.32-1.32,3.47,0,4.79l5.69,5.69H3.39c-1.87,0-3.39,1.52-3.39,3.39s1.52,3.39,3.39,3.39h35.03l-5.69,5.69c-1.32,1.32-1.32,3.47,0,4.79.66.66,1.53.99,2.4.99s1.73-.33,2.4-.99l11.47-11.47c.32-.32.57-.69.74-1.11Z\"><\/path><\/svg>\t\t\t<\/span>\n\t\t\t\t\t\t\t\t\t<span class=\"elementor-button-text\">Lees verder<\/span>\n\t\t\t\t\t<\/span>\n\t\t\t\t\t<\/a>\n\t\t\t\t<\/div>\n\t\t\t\t\t\t\t\t<\/div>\n\t\t\t\t<\/div>\n\t\t\t\t<\/div>\n\t\t<div class=\"elementor-element elementor-element-3aef43f e-con-full e-flex elementor-invisible e-con e-child\" data-id=\"3aef43f\" data-element_type=\"container\" data-e-type=\"container\" data-settings=\"{&quot;background_background&quot;:&quot;classic&quot;,&quot;animation&quot;:&quot;zoomIn&quot;}\">\n\t\t<div class=\"elementor-element elementor-element-50352ce e-con-full e-flex e-con e-child\" data-id=\"50352ce\" data-element_type=\"container\" data-e-type=\"container\">\n\t\t\t\t<div class=\"elementor-element elementor-element-5f51a38 elementor-widget elementor-widget-heading\" data-id=\"5f51a38\" data-element_type=\"widget\" data-e-type=\"widget\" data-widget_type=\"heading.default\">\n\t\t\t\t<div class=\"elementor-widget-container\">\n\t\t\t\t\t<h2 class=\"elementor-heading-title elementor-size-default\">Word vrijwilliger bij de co\u00f6peratie<\/h2>\t\t\t\t<\/div>\n\t\t\t\t<\/div>\n\t\t\t\t<div class=\"elementor-element elementor-element-7e7444c elementor-widget elementor-widget-text-editor\" data-id=\"7e7444c\" data-element_type=\"widget\" data-e-type=\"widget\" data-widget_type=\"text-editor.default\">\n\t\t\t\t<div class=\"elementor-widget-container\">\n\t\t\t\t\t\t\t\t\t<p>Wil je iets doen voor je buurt of stad, nieuwe mensen ontmoeten of leren over verduurzaming? Bij Energiek Leiden kan dat! Er zijn al veel enthousiaste vrijwilligers actief en ook jij kunt meedoen.<\/p>\t\t\t\t\t\t\t\t<\/div>\n\t\t\t\t<\/div>\n\t\t\t\t<\/div>\n\t\t\t\t<div class=\"elementor-element elementor-element-f60c806 elementor-widget elementor-widget-button\" data-id=\"f60c806\" data-element_type=\"widget\" data-e-type=\"widget\" data-widget_type=\"button.default\">\n\t\t\t\t<div class=\"elementor-widget-container\">\n\t\t\t\t\t\t\t\t\t<div class=\"elementor-button-wrapper\">\n\t\t\t\t\t<a class=\"elementor-button elementor-button-link elementor-size-sm elementor-animation-grow\" href=\"https:\/\/magazinewise.nl\/energiekleiden\/word-vrijwilliger-bij-de-cooperatie\/\">\n\t\t\t\t\t\t<span class=\"elementor-button-content-wrapper\">\n\t\t\t\t\t\t<span class=\"elementor-button-icon\">\n\t\t\t\t<svg xmlns=\"http:\/\/www.w3.org\/2000\/svg\" id=\"Laag_1\" data-name=\"Laag 1\" viewBox=\"0 0 50 50\"><path d=\"M49.74,26.29s0-.03.02-.05c.15-.38.24-.8.24-1.24s-.09-.85-.24-1.24c0-.02,0-.03-.02-.05-.17-.42-.42-.8-.74-1.11l-11.47-11.47c-1.32-1.32-3.47-1.32-4.79,0-1.32,1.32-1.32,3.47,0,4.79l5.69,5.69H3.39c-1.87,0-3.39,1.52-3.39,3.39s1.52,3.39,3.39,3.39h35.03l-5.69,5.69c-1.32,1.32-1.32,3.47,0,4.79.66.66,1.53.99,2.4.99s1.73-.33,2.4-.99l11.47-11.47c.32-.32.57-.69.74-1.11Z\"><\/path><\/svg>\t\t\t<\/span>\n\t\t\t\t\t\t\t\t\t<span class=\"elementor-button-text\">Lees verder<\/span>\n\t\t\t\t\t<\/span>\n\t\t\t\t\t<\/a>\n\t\t\t\t<\/div>\n\t\t\t\t\t\t\t\t<\/div>\n\t\t\t\t<\/div>\n\t\t\t\t<\/div>\n\t\t<div class=\"elementor-element elementor-element-ef35f3c e-con-full e-flex elementor-invisible e-con e-child\" data-id=\"ef35f3c\" data-element_type=\"container\" data-e-type=\"container\" data-settings=\"{&quot;background_background&quot;:&quot;classic&quot;,&quot;animation&quot;:&quot;zoomIn&quot;}\">\n\t\t<div class=\"elementor-element elementor-element-de35db2 e-con-full e-flex e-con e-child\" data-id=\"de35db2\" data-element_type=\"container\" data-e-type=\"container\">\n\t\t\t\t<div class=\"elementor-element elementor-element-4df13ab elementor-widget elementor-widget-heading\" data-id=\"4df13ab\" data-element_type=\"widget\" data-e-type=\"widget\" data-widget_type=\"heading.default\">\n\t\t\t\t<div class=\"elementor-widget-container\">\n\t\t\t\t\t<h2 class=\"elementor-heading-title elementor-size-default\">Word lid van Energiek Leiden!<\/h2>\t\t\t\t<\/div>\n\t\t\t\t<\/div>\n\t\t\t\t<div class=\"elementor-element elementor-element-e8e07f1 elementor-widget elementor-widget-text-editor\" data-id=\"e8e07f1\" data-element_type=\"widget\" data-e-type=\"widget\" data-widget_type=\"text-editor.default\">\n\t\t\t\t<div class=\"elementor-widget-container\">\n\t\t\t\t\t\t\t\t\t<p>De overstap naar duurzame energie kan sneller en beter. Daarom zetten we ons als co\u00f6peratie van Leidse burgers in voor m\u00e9\u00e9r betaalbare lokale stroom en slimmere manieren van verwarmen.<\/p>\t\t\t\t\t\t\t\t<\/div>\n\t\t\t\t<\/div>\n\t\t\t\t<\/div>\n\t\t\t\t<div class=\"elementor-element elementor-element-877b21e elementor-widget elementor-widget-button\" data-id=\"877b21e\" data-element_type=\"widget\" data-e-type=\"widget\" data-widget_type=\"button.default\">\n\t\t\t\t<div class=\"elementor-widget-container\">\n\t\t\t\t\t\t\t\t\t<div class=\"elementor-button-wrapper\">\n\t\t\t\t\t<a class=\"elementor-button elementor-button-link elementor-size-sm elementor-animation-grow\" href=\"https:\/\/magazinewise.nl\/energiekleiden\/word-lid-van-energiek-leiden\/\">\n\t\t\t\t\t\t<span class=\"elementor-button-content-wrapper\">\n\t\t\t\t\t\t<span class=\"elementor-button-icon\">\n\t\t\t\t<svg xmlns=\"http:\/\/www.w3.org\/2000\/svg\" id=\"Laag_1\" data-name=\"Laag 1\" viewBox=\"0 0 50 50\"><path d=\"M49.74,26.29s0-.03.02-.05c.15-.38.24-.8.24-1.24s-.09-.85-.24-1.24c0-.02,0-.03-.02-.05-.17-.42-.42-.8-.74-1.11l-11.47-11.47c-1.32-1.32-3.47-1.32-4.79,0-1.32,1.32-1.32,3.47,0,4.79l5.69,5.69H3.39c-1.87,0-3.39,1.52-3.39,3.39s1.52,3.39,3.39,3.39h35.03l-5.69,5.69c-1.32,1.32-1.32,3.47,0,4.79.66.66,1.53.99,2.4.99s1.73-.33,2.4-.99l11.47-11.47c.32-.32.57-.69.74-1.11Z\"><\/path><\/svg>\t\t\t<\/span>\n\t\t\t\t\t\t\t\t\t<span class=\"elementor-button-text\">Lees verder<\/span>\n\t\t\t\t\t<\/span>\n\t\t\t\t\t<\/a>\n\t\t\t\t<\/div>\n\t\t\t\t\t\t\t\t<\/div>\n\t\t\t\t<\/div>\n\t\t\t\t<\/div>\n\t\t\t\t<\/div>\n\t\t\t\t\t<\/div>\n\t\t\t\t<\/div>\n\t\t\t\t<\/div>\n\t\t","protected":false},"excerpt":{"rendered":"<p>Hulp bij sneller verduurzamen. Samen met de gemeente Leiden zet Energiek Leiden zich in voor een lagere energierekening en een snellere overstap naar duurzame energie. Voor bewoners, buurten en de hele stad.<\/p>\n","protected":false},"author":1,"featured_media":0,"parent":0,"menu_order":500,"comment_status":"closed","ping_status":"closed","template":"elementor_header_footer","meta":{"inline_featured_image":false,"footnotes":""},"class_list":["post-9707","page","type-page","status-publish","hentry"],"yoast_head":"<!-- This site is optimized with the Yoast SEO plugin v27.4 - https:\/\/yoast.com\/product\/yoast-seo-wordpress\/ -->\n<title>Welkom bij Energiek Leiden<\/title>\n<meta name=\"description\" content=\"Hulp bij sneller verduurzamen. Samen met de gemeente Leiden zet Energiek Leiden zich in voor een lagere energierekening en een snellere overstap naar duurzame energie. Voor bewoners, buurten en de hele stad.\" \/>\n<meta name=\"robots\" content=\"index, follow, max-snippet:-1, max-image-preview:large, max-video-preview:-1\" \/>\n<link rel=\"canonical\" href=\"https:\/\/magazinewise.nl\/energiekleiden\/doe-je-mee\/\" \/>\n<meta property=\"og:locale\" content=\"nl_NL\" \/>\n<meta property=\"og:type\" content=\"article\" \/>\n<meta property=\"og:title\" content=\"Welkom bij Energiek Leiden\" \/>\n<meta property=\"og:description\" content=\"Hulp bij sneller verduurzamen. Samen met de gemeente Leiden zet Energiek Leiden zich in voor een lagere energierekening en een snellere overstap naar duurzame energie. Voor bewoners, buurten en de hele stad.\" \/>\n<meta property=\"og:url\" content=\"https:\/\/magazinewise.nl\/energiekleiden\/doe-je-mee\/\" \/>\n<meta property=\"og:site_name\" content=\"Co&ouml;peratie Energiek Leiden\" \/>\n<meta property=\"article:modified_time\" content=\"2026-04-16T14:24:57+00:00\" \/>\n<meta name=\"twitter:label1\" content=\"Geschatte leestijd\" \/>\n\t<meta name=\"twitter:data1\" content=\"2 minuten\" \/>\n<script type=\"application\/ld+json\" class=\"yoast-schema-graph\">{\"@context\":\"https:\\\/\\\/schema.org\",\"@graph\":[{\"@type\":\"WebPage\",\"@id\":\"https:\\\/\\\/magazinewise.nl\\\/energiekleiden\\\/doe-je-mee\\\/\",\"url\":\"https:\\\/\\\/magazinewise.nl\\\/energiekleiden\\\/doe-je-mee\\\/\",\"name\":\"Welkom bij Energiek Leiden\",\"isPartOf\":{\"@id\":\"https:\\\/\\\/magazinewise.nl\\\/energiekleiden\\\/#website\"},\"datePublished\":\"2026-03-25T20:21:52+00:00\",\"dateModified\":\"2026-04-16T14:24:57+00:00\",\"description\":\"Hulp bij sneller verduurzamen. Samen met de gemeente Leiden zet Energiek Leiden zich in voor een lagere energierekening en een snellere overstap naar duurzame energie. Voor bewoners, buurten en de hele stad.\",\"breadcrumb\":{\"@id\":\"https:\\\/\\\/magazinewise.nl\\\/energiekleiden\\\/doe-je-mee\\\/#breadcrumb\"},\"inLanguage\":\"nl-NL\",\"potentialAction\":[{\"@type\":\"ReadAction\",\"target\":[\"https:\\\/\\\/magazinewise.nl\\\/energiekleiden\\\/doe-je-mee\\\/\"]}]},{\"@type\":\"BreadcrumbList\",\"@id\":\"https:\\\/\\\/magazinewise.nl\\\/energiekleiden\\\/doe-je-mee\\\/#breadcrumb\",\"itemListElement\":[{\"@type\":\"ListItem\",\"position\":1,\"name\":\"Home\",\"item\":\"https:\\\/\\\/magazinewise.nl\\\/energiekleiden\\\/\"},{\"@type\":\"ListItem\",\"position\":2,\"name\":\"Doe je mee?\"}]},{\"@type\":\"WebSite\",\"@id\":\"https:\\\/\\\/magazinewise.nl\\\/energiekleiden\\\/#website\",\"url\":\"https:\\\/\\\/magazinewise.nl\\\/energiekleiden\\\/\",\"name\":\"Co&ouml;peratie Energiek Leiden\",\"description\":\"Hulp bij sneller verduurzamen\",\"potentialAction\":[{\"@type\":\"SearchAction\",\"target\":{\"@type\":\"EntryPoint\",\"urlTemplate\":\"https:\\\/\\\/magazinewise.nl\\\/energiekleiden\\\/?s={search_term_string}\"},\"query-input\":{\"@type\":\"PropertyValueSpecification\",\"valueRequired\":true,\"valueName\":\"search_term_string\"}}],\"inLanguage\":\"nl-NL\"}]}<\/script>\n<!-- \/ Yoast SEO plugin. -->","yoast_head_json":{"title":"Welkom bij Energiek Leiden","description":"Hulp bij sneller verduurzamen. Samen met de gemeente Leiden zet Energiek Leiden zich in voor een lagere energierekening en een snellere overstap naar duurzame energie. Voor bewoners, buurten en de hele stad.","robots":{"index":"index","follow":"follow","max-snippet":"max-snippet:-1","max-image-preview":"max-image-preview:large","max-video-preview":"max-video-preview:-1"},"canonical":"https:\/\/magazinewise.nl\/energiekleiden\/doe-je-mee\/","og_locale":"nl_NL","og_type":"article","og_title":"Welkom bij Energiek Leiden","og_description":"Hulp bij sneller verduurzamen. Samen met de gemeente Leiden zet Energiek Leiden zich in voor een lagere energierekening en een snellere overstap naar duurzame energie. Voor bewoners, buurten en de hele stad.","og_url":"https:\/\/magazinewise.nl\/energiekleiden\/doe-je-mee\/","og_site_name":"Co&ouml;peratie Energiek Leiden","article_modified_time":"2026-04-16T14:24:57+00:00","twitter_misc":{"Geschatte leestijd":"2 minuten"},"schema":{"@context":"https:\/\/schema.org","@graph":[{"@type":"WebPage","@id":"https:\/\/magazinewise.nl\/energiekleiden\/doe-je-mee\/","url":"https:\/\/magazinewise.nl\/energiekleiden\/doe-je-mee\/","name":"Welkom bij Energiek Leiden","isPartOf":{"@id":"https:\/\/magazinewise.nl\/energiekleiden\/#website"},"datePublished":"2026-03-25T20:21:52+00:00","dateModified":"2026-04-16T14:24:57+00:00","description":"Hulp bij sneller verduurzamen. Samen met de gemeente Leiden zet Energiek Leiden zich in voor een lagere energierekening en een snellere overstap naar duurzame energie. Voor bewoners, buurten en de hele stad.","breadcrumb":{"@id":"https:\/\/magazinewise.nl\/energiekleiden\/doe-je-mee\/#breadcrumb"},"inLanguage":"nl-NL","potentialAction":[{"@type":"ReadAction","target":["https:\/\/magazinewise.nl\/energiekleiden\/doe-je-mee\/"]}]},{"@type":"BreadcrumbList","@id":"https:\/\/magazinewise.nl\/energiekleiden\/doe-je-mee\/#breadcrumb","itemListElement":[{"@type":"ListItem","position":1,"name":"Home","item":"https:\/\/magazinewise.nl\/energiekleiden\/"},{"@type":"ListItem","position":2,"name":"Doe je mee?"}]},{"@type":"WebSite","@id":"https:\/\/magazinewise.nl\/energiekleiden\/#website","url":"https:\/\/magazinewise.nl\/energiekleiden\/","name":"Co&ouml;peratie Energiek Leiden","description":"Hulp bij sneller verduurzamen","potentialAction":[{"@type":"SearchAction","target":{"@type":"EntryPoint","urlTemplate":"https:\/\/magazinewise.nl\/energiekleiden\/?s={search_term_string}"},"query-input":{"@type":"PropertyValueSpecification","valueRequired":true,"valueName":"search_term_string"}}],"inLanguage":"nl-NL"}]}},"_links":{"self":[{"href":"https:\/\/magazinewise.nl\/energiekleiden\/wp-json\/wp\/v2\/pages\/9707","targetHints":{"allow":["GET"]}}],"collection":[{"href":"https:\/\/magazinewise.nl\/energiekleiden\/wp-json\/wp\/v2\/pages"}],"about":[{"href":"https:\/\/magazinewise.nl\/energiekleiden\/wp-json\/wp\/v2\/types\/page"}],"author":[{"embeddable":true,"href":"https:\/\/magazinewise.nl\/energiekleiden\/wp-json\/wp\/v2\/users\/1"}],"replies":[{"embeddable":true,"href":"https:\/\/magazinewise.nl\/energiekleiden\/wp-json\/wp\/v2\/comments?post=9707"}],"version-history":[{"count":25,"href":"https:\/\/magazinewise.nl\/energiekleiden\/wp-json\/wp\/v2\/pages\/9707\/revisions"}],"predecessor-version":[{"id":10776,"href":"https:\/\/magazinewise.nl\/energiekleiden\/wp-json\/wp\/v2\/pages\/9707\/revisions\/10776"}],"wp:attachment":[{"href":"https:\/\/magazinewise.nl\/energiekleiden\/wp-json\/wp\/v2\/media?parent=9707"}],"curies":[{"name":"wp","href":"https:\/\/api.w.org\/{rel}","templated":true}]}}