{"id":7666,"date":"2026-01-13T13:36:46","date_gmt":"2026-01-13T12:36:46","guid":{"rendered":"https:\/\/magazinewise.nl\/energiekleiden\/?page_id=7666"},"modified":"2026-04-16T01:56:08","modified_gmt":"2026-04-15T23:56:08","slug":"word-lid-van-energiek-leiden","status":"publish","type":"page","link":"https:\/\/magazinewise.nl\/energiekleiden\/word-lid-van-energiek-leiden\/","title":{"rendered":"Word lid van Energiek Leiden"},"content":{"rendered":"\t\t<div data-elementor-type=\"wp-page\" data-elementor-id=\"7666\" class=\"elementor elementor-7666\" data-elementor-post-type=\"page\">\n\t\t\t\t<div class=\"elementor-element elementor-element-e6c7c1a e-flex e-con-boxed e-con e-parent\" data-id=\"e6c7c1a\" data-element_type=\"container\" data-e-type=\"container\" data-settings=\"{&quot;background_background&quot;:&quot;classic&quot;}\">\n\t\t\t\t\t<div class=\"e-con-inner\">\n\t\t<div class=\"elementor-element elementor-element-9d0d4c7 e-con-full e-flex elementor-invisible e-con e-child\" data-id=\"9d0d4c7\" data-element_type=\"container\" data-e-type=\"container\" data-settings=\"{&quot;animation&quot;:&quot;fadeIn&quot;}\">\n\t\t\t\t<div class=\"elementor-element elementor-element-b4ec739 elementor-widget elementor-widget-text-editor\" data-id=\"b4ec739\" data-element_type=\"widget\" data-e-type=\"widget\" data-widget_type=\"text-editor.default\">\n\t\t\t\t<div class=\"elementor-widget-container\">\n\t\t\t\t\t\t\t\t\t<h1>Word lid en doe mee!<\/h1><h3>De overstap naar duurzame energie kan sneller en beter. Daarom zetten we ons als co\u00f6peratie van Leidse burgers in voor m\u00e9\u00e9r betaalbare lokale stroom en slimmere manieren van verwarmen.<\/h3>\t\t\t\t\t\t\t\t<\/div>\n\t\t\t\t<\/div>\n\t\t\t\t<\/div>\n\t\t<div class=\"elementor-element elementor-element-5d5378e e-con-full animated-slow e-flex elementor-invisible e-con e-child\" data-id=\"5d5378e\" data-element_type=\"container\" data-e-type=\"container\" data-settings=\"{&quot;background_background&quot;:&quot;slideshow&quot;,&quot;background_slideshow_gallery&quot;:[{&quot;id&quot;:6431,&quot;url&quot;:&quot;https:\\\/\\\/magazinewise.nl\\\/energiekleiden\\\/wp-content\\\/uploads\\\/2024\\\/08\\\/PLNT-1400x1050-1.jpg&quot;}],&quot;background_slideshow_transition_duration&quot;:1000,&quot;animation&quot;:&quot;fadeIn&quot;,&quot;animation_delay&quot;:500,&quot;background_slideshow_loop&quot;:&quot;yes&quot;,&quot;background_slideshow_slide_duration&quot;:5000,&quot;background_slideshow_slide_transition&quot;:&quot;fade&quot;}\">\n\t\t\t\t<\/div>\n\t\t\t\t\t<\/div>\n\t\t\t\t<\/div>\n\t\t<div class=\"elementor-element elementor-element-96816b4 e-flex e-con-boxed e-con e-parent\" data-id=\"96816b4\" data-element_type=\"container\" data-e-type=\"container\" data-settings=\"{&quot;background_background&quot;:&quot;classic&quot;}\">\n\t\t\t\t\t<div class=\"e-con-inner\">\n\t\t\t\t<div class=\"elementor-element elementor-element-cfbfae6 dw-inspringen elementor-widget elementor-widget-text-editor\" data-id=\"cfbfae6\" data-element_type=\"widget\" data-e-type=\"widget\" data-widget_type=\"text-editor.default\">\n\t\t\t\t<div class=\"elementor-widget-container\">\n\t\t\t\t\t\t\t\t\t<p>We doen dit in samenwerking met partners zoals de gemeente en de woningcorporaties. En we doen dit ook graag samen met zoveel mogelijk Leidenaren. Dus\u2026<\/p><ul><li>Vind je ook dat de energietransitie sneller en beter kan?<\/li><li>Vind je dat iedereen moet kunnen meedoen met de Leidse energietransitie?<\/li><li>Wil je een stem hebben in de oplossingen die worden gekozen?<\/li><li>Of heb je idee\u00ebn en wil je helpen organiseren?<\/li><\/ul><p>Word dan lid van Co\u00f6peratie Energiek Leiden! Want samen bereiken we meer. Je lidmaatschap kost slechts \u20ac 10,- per jaar. Daarnaast betaal je eenmalig \u20ac 10,- inschrijfgeld.<\/p>\t\t\t\t\t\t\t\t<\/div>\n\t\t\t\t<\/div>\n\t\t<div class=\"elementor-element elementor-element-736727e e-con-full e-flex e-con e-child\" data-id=\"736727e\" data-element_type=\"container\" data-e-type=\"container\" data-settings=\"{&quot;background_background&quot;:&quot;classic&quot;}\">\n\t\t\t\t<div class=\"elementor-element elementor-element-4861861 elementor-widget elementor-widget-heading\" data-id=\"4861861\" data-element_type=\"widget\" data-e-type=\"widget\" data-widget_type=\"heading.default\">\n\t\t\t\t<div class=\"elementor-widget-container\">\n\t\t\t\t\t<h2 class=\"elementor-heading-title elementor-size-default\">Schrijf je in<\/h2>\t\t\t\t<\/div>\n\t\t\t\t<\/div>\n\t\t\t\t<div class=\"elementor-element elementor-element-09d2dfd elementor-widget elementor-widget-formidable\" data-id=\"09d2dfd\" data-element_type=\"widget\" data-e-type=\"widget\" data-widget_type=\"formidable.default\">\n\t\t\t\t<div class=\"elementor-widget-container\">\n\t\t\t\t\t<div class=\"frm_forms  with_frm_style frm_style_formidable-style\" id=\"frm_form_18_container\" >\n<form enctype=\"multipart\/form-data\" method=\"post\" class=\"frm-show-form  frm_pro_form \" id=\"form_glxcjf263132c9d00\" >\n<div class=\"frm_form_fields \">\n<fieldset>\n<legend class=\"frm_hidden\">Inschrijfformulier Lid worden co\u00f6peratie<\/legend>\r\n\r\n<div class=\"frm_fields_container\">\n<input type=\"hidden\" name=\"frm_action\" value=\"create\" \/>\n<input type=\"hidden\" name=\"form_id\" value=\"18\" \/>\n<input type=\"hidden\" name=\"frm_hide_fields_18\" id=\"frm_hide_fields_18\" value=\"\" \/>\n<input type=\"hidden\" name=\"form_key\" value=\"glxcjf263132c9d00\" \/>\n<input type=\"hidden\" name=\"item_meta[0]\" value=\"\" \/>\n<input type=\"hidden\" id=\"frm_submit_entry_18\" name=\"frm_submit_entry_18\" value=\"e2135684c9\" \/><input type=\"hidden\" name=\"_wp_http_referer\" value=\"\/energiekleiden\/wp-json\/wp\/v2\/pages\/7666\" \/><div id=\"frm_field_228_container\" class=\"frm_form_field form-field  frm_required_field frm_top_container frm_half\">\r\n    <label for=\"field_b9kdv0c6dfe21ef5\" class=\"frm_primary_label\">Voornaam\/Voorletters\r\n        <span class=\"frm_required\">*<\/span>\r\n    <\/label>\r\n    <input  type=\"text\" id=\"field_b9kdv0c6dfe21ef5\" name=\"item_meta[228]\" value=\"\"  data-reqmsg=\"Dit veld moet ingevuld worden.\" aria-required=\"true\" data-invmsg=\"Naam is ongeldig\" aria-invalid=\"false\"   \/>\r\n    \r\n    \r\n<\/div>\n<div id=\"frm_field_229_container\" class=\"frm_form_field form-field  frm_required_field frm_top_container frm_half\">\r\n    <label for=\"field_r9o4b376ede64e6\" class=\"frm_primary_label\">Achternaam\r\n        <span class=\"frm_required\">*<\/span>\r\n    <\/label>\r\n    <input  type=\"text\" id=\"field_r9o4b376ede64e6\" name=\"item_meta[229]\" value=\"\"  data-reqmsg=\"Dit veld moet ingevuld worden.\" aria-required=\"true\" data-invmsg=\"Naam is ongeldig\" aria-invalid=\"false\"   \/>\r\n    \r\n    \r\n<\/div>\n<div id=\"frm_field_230_container\" class=\"frm_form_field form-field  frm_required_field frm_top_container frm_half\">\r\n    <label for=\"field_bs1gdx00088c1b0f\" class=\"frm_primary_label\">Postcode\r\n        <span class=\"frm_required\">*<\/span>\r\n    <\/label>\r\n    <input  type=\"text\" id=\"field_bs1gdx00088c1b0f\" name=\"item_meta[230]\" value=\"\"  maxlength=\"7\" data-reqmsg=\"Dit veld moet ingevuld worden.\" aria-required=\"true\" data-invmsg=\"Postcode is ongeldig\" aria-invalid=\"false\"   \/>\r\n    \r\n    \r\n<\/div>\n<div id=\"frm_field_231_container\" class=\"frm_form_field form-field  frm_required_field frm_top_container frm_half\">\r\n    <label for=\"field_t6spe04a8f14b4cb\" class=\"frm_primary_label\">Adres\r\n        <span class=\"frm_required\">*<\/span>\r\n    <\/label>\r\n    <input  type=\"text\" id=\"field_t6spe04a8f14b4cb\" name=\"item_meta[231]\" value=\"\"  data-reqmsg=\"Dit veld moet ingevuld worden.\" aria-required=\"true\" data-invmsg=\"Adres is ongeldig\" aria-invalid=\"false\"   \/>\r\n    \r\n    \r\n<\/div>\n<div id=\"frm_field_232_container\" class=\"frm_form_field form-field  frm_required_field frm_top_container frm_half\">\r\n    <label for=\"field_i238okea0e7332be\" class=\"frm_primary_label\">Telefoonnummer\r\n        <span class=\"frm_required\">*<\/span>\r\n    <\/label>\r\n    <div class=\"frm_input_group frm_with_box frm_with_pre\"><span class=\"frm_inline_box\">+31 0<\/span><input type=\"tel\" id=\"field_i238okea0e7332be\" name=\"item_meta[232]\" value=\"\"  maxlength=\"10\" data-reqmsg=\"Dit veld moet ingevuld worden.\" aria-required=\"true\" data-invmsg=\"Telefoonnummer is ongeldig\" aria-invalid=\"false\" pattern=\"((\\+\\d{1,3}(-|.| )?\\(?\\d\\)?(-| |.)?\\d{1,5})|(\\(?\\d{2,6}\\)?))(-|.| )?(\\d{3,4})(-|.| )?(\\d{4})(( x| ext)\\d{1,5}){0,1}$\"  \/><\/div>\r\n    \r\n    \r\n<\/div>\n<div id=\"frm_field_233_container\" class=\"frm_form_field form-field  frm_required_field frm_top_container frm_half\">\r\n    <label for=\"field_ai85vb06e0d188dc\" class=\"frm_primary_label\">E-mailadres\r\n        <span class=\"frm_required\">*<\/span>\r\n    <\/label>\r\n    <input type=\"email\" id=\"field_ai85vb06e0d188dc\" name=\"item_meta[233]\" value=\"\"  data-reqmsg=\"Dit veld moet ingevuld worden.\" aria-required=\"true\" data-invmsg=\"E-mailadres is ongeldig\" aria-invalid=\"false\"  \/>\r\n    \r\n    \r\n<\/div>\n<div id=\"frm_field_234_container\" class=\"frm_form_field form-field  frm_required_field frm_top_container vertical_radio\">\r\n    <div  id=\"field_ttr9t41fd44b63a_label\" class=\"frm_primary_label\">Ik betaal het eenmalig inschrijfgeld (\u20ac10,00) en de lidmaatschapsbijdrage (\u20ac10,00) voor dit jaar via overschrijving op bankrekeningnummer NL 71 RABO 0366 0400 14 t.n.v. Co\u00f6peratie Energiek Leiden U.A. en ga akkoord met automatische incasso in de daaropvolgende jaren.\r\n        <span class=\"frm_required\">*<\/span>\r\n    <\/div>\r\n    <div class=\"frm_opt_container\" aria-labelledby=\"field_ttr9t41fd44b63a_label\" role=\"group\">\t\t<div class=\"frm_checkbox\" id=\"frm_checkbox_234-0\">\t\t\t<label  for=\"field_ttr9t41fd44b63a-0\">\n\t\t\t<input type=\"checkbox\" name=\"item_meta[234][]\" id=\"field_ttr9t41fd44b63a-0\" value=\"ja, ik ben akkoord met betaling\"  data-reqmsg=\"Dit veld moet ingevuld worden.\" data-invmsg=\"Ik betaal het eenmalig inschrijfgeld (\u20ac10,00) en de lidmaatschapsbijdrage (\u20ac10,00) voor dit jaar via overschrijving op bankrekeningnummer NL 71 RABO 0366 0400 14 t.n.v. Co\u00f6peratie Energiek Leiden U.A. en ga akkoord met automatische incasso in de daaropvolgende jaren. is ongeldig\"   aria-required=\"true\"  \/> ja, ik ben akkoord met betaling<\/label><\/div>\n<\/div>\r\n    \r\n    \r\n<\/div>\n<div id=\"frm_field_242_container\" class=\"frm_form_field form-field  frm_top_container vertical_radio\">\r\n    <div  id=\"field_xojfd_label\" class=\"frm_primary_label\">Statuten\r\n        <span class=\"frm_required\" aria-hidden=\"true\"><\/span>\r\n    <\/div>\r\n    <div class=\"frm_opt_container\" aria-labelledby=\"field_xojfd_label\" role=\"group\">\t\t<div class=\"frm_checkbox\" id=\"frm_checkbox_242-0\">\t\t\t<label  for=\"field_xojfd-0\">\n\t\t\t<input type=\"checkbox\" name=\"item_meta[242][]\" id=\"field_xojfd-0\" value=\"Ja, ik heb de &lt;a href=&quot;https:\/\/magazinewise.nl\/energiekleiden\/wp-content\/uploads\/2021\/11\/Akte-van-oprichting-Cooperatie-Energiek-Leiden-zonder-namen-1.pdf&quot;&gt;statuten&lt;\/a&gt; gelezen.\"  data-invmsg=\"Statuten is ongeldig\"   \/> Ja, ik heb de <a href=\"https:\/\/magazinewise.nl\/energiekleiden\/wp-content\/uploads\/2021\/11\/Akte-van-oprichting-Cooperatie-Energiek-Leiden-zonder-namen-1.pdf\">statuten<\/a> gelezen.<\/label><\/div>\n<\/div>\r\n    \r\n    \r\n<\/div>\n<div id=\"frm_field_247_container\" class=\"frm_form_field form-field  frm_required_field frm_top_container vertical_radio\">\r\n    <div  id=\"field_un8yq_label\" class=\"frm_primary_label\">Privacyverklaring\r\n        <span class=\"frm_required\" aria-hidden=\"true\">*<\/span>\r\n    <\/div>\r\n    <div class=\"frm_opt_container\" aria-labelledby=\"field_un8yq_label\" role=\"group\">\t\t<div class=\"frm_checkbox\" id=\"frm_checkbox_247-0\">\t\t\t<label  for=\"field_un8yq-0\">\n\t\t\t<input type=\"checkbox\" name=\"item_meta[247][]\" id=\"field_un8yq-0\" value=\"Ja, ik heb de &lt;a href=&quot;https:\/\/magazinewise.nl\/energiekleiden\/wp-content\/uploads\/2021\/04\/Privacyverklaring-EnergiekLeiden-08-04-2021.pdf&quot; target=&quot;_blank&quot;&gt;privacyverklaring&lt;\/a&gt; gelezen en ga daarmee akkoord.\"  data-reqmsg=\"Dit veld moet ingevuld worden.\" data-invmsg=\"Privacyverklaring is ongeldig\"   aria-required=\"true\"  \/> Ja, ik heb de <a href=\"https:\/\/magazinewise.nl\/energiekleiden\/wp-content\/uploads\/2021\/04\/Privacyverklaring-EnergiekLeiden-08-04-2021.pdf\" target=\"_blank\">privacyverklaring<\/a> gelezen en ga daarmee akkoord.<\/label><\/div>\n<\/div>\r\n    \r\n    \r\n<\/div>\n<div id=\"frm_field_239_container\" class=\"frm_form_field form-field  frm_top_container\">\r\n    <label for=\"field_3xwmwed0218549c0\" class=\"frm_primary_label\">Datum\r\n        <span class=\"frm_required\"><\/span>\r\n    <\/label>\r\n    <input type=\"text\" id=\"field_3xwmwed0218549c0\" name=\"item_meta[239]\" value=\"\"  maxlength=\"10\" data-invmsg=\"Datum is ongeldig\" class=\"frm_date\" aria-invalid=\"false\"  \/>\r\n    \r\n    \r\n<\/div>\n\t<input type=\"hidden\" name=\"item_key\" value=\"\" \/>\n\t\t\t<div id=\"frm_field_436_container\">\n\t\t\t<label for=\"field_qusnm\" >\n\t\t\t\tIndien je een mens bent, laat dit veld leeg:.\t\t\t<\/label>\n\t\t\t<input  id=\"field_qusnm\" type=\"text\" class=\"frm_form_field form-field frm_verify\" name=\"item_meta[436]\" value=\"\"  \/>\n\t\t<\/div>\n\t\t<input name=\"frm_state\" type=\"hidden\" value=\"2IbgcMbrhk2t2a3t9e3IsrKVK3fK4rfJRHUMd\/WRmAyEKQ6qGYGVVn4\/NviGk76q\" \/><div class=\"frm_submit\">\r\n\r\n<input type=\"submit\" value=\"Verzenden\"  class=\"frm_final_submit\" formnovalidate=\"formnovalidate\" \/>\r\n<img decoding=\"async\" class=\"frm_ajax_loading\" src=\"https:\/\/magazinewise.nl\/energiekleiden\/wp-content\/plugins\/formidable\/images\/ajax_loader.gif\" alt=\"Bezig met versturen\"\/>\r\n\r\n<\/div><\/div>\n<\/fieldset>\n<\/div>\n\n<\/form>\n<\/div>\n\t\t\t\t<\/div>\n\t\t\t\t<\/div>\n\t\t\t\t<\/div>\n\t\t\t\t\t<\/div>\n\t\t\t\t<\/div>\n\t\t\t\t<\/div>\n\t\t","protected":false},"excerpt":{"rendered":"<p>Hulp bij sneller verduurzamen. Samen met de gemeente Leiden zet Energiek Leiden zich in voor een lagere energierekening en een snellere overstap naar duurzame energie. Voor bewoners, buurten en de hele stad.<\/p>\n","protected":false},"author":1,"featured_media":0,"parent":0,"menu_order":520,"comment_status":"closed","ping_status":"closed","template":"elementor_header_footer","meta":{"inline_featured_image":false,"footnotes":""},"class_list":["post-7666","page","type-page","status-publish","hentry"],"yoast_head":"<!-- This site is optimized with the Yoast SEO plugin v27.4 - https:\/\/yoast.com\/product\/yoast-seo-wordpress\/ -->\n<title>Welkom bij Energiek Leiden<\/title>\n<meta name=\"description\" content=\"Hulp bij sneller verduurzamen. Samen met de gemeente Leiden zet Energiek Leiden zich in voor een lagere energierekening en een snellere overstap naar duurzame energie. Voor bewoners, buurten en de hele stad.\" \/>\n<meta name=\"robots\" content=\"index, follow, max-snippet:-1, max-image-preview:large, max-video-preview:-1\" \/>\n<link rel=\"canonical\" href=\"https:\/\/magazinewise.nl\/energiekleiden\/word-lid-van-energiek-leiden\/\" \/>\n<meta property=\"og:locale\" content=\"nl_NL\" \/>\n<meta property=\"og:type\" content=\"article\" \/>\n<meta property=\"og:title\" content=\"Welkom bij Energiek Leiden\" \/>\n<meta property=\"og:description\" content=\"Hulp bij sneller verduurzamen. Samen met de gemeente Leiden zet Energiek Leiden zich in voor een lagere energierekening en een snellere overstap naar duurzame energie. Voor bewoners, buurten en de hele stad.\" \/>\n<meta property=\"og:url\" content=\"https:\/\/magazinewise.nl\/energiekleiden\/word-lid-van-energiek-leiden\/\" \/>\n<meta property=\"og:site_name\" content=\"Co&ouml;peratie Energiek Leiden\" \/>\n<meta property=\"article:modified_time\" content=\"2026-04-15T23:56:08+00:00\" \/>\n<meta property=\"og:image\" content=\"https:\/\/magazinewise.nl\/energiekleiden\/wp-content\/plugins\/formidable\/images\/ajax_loader.gif\" \/>\n<meta name=\"twitter:label1\" content=\"Geschatte leestijd\" \/>\n\t<meta name=\"twitter:data1\" content=\"2 minuten\" \/>\n<script type=\"application\/ld+json\" class=\"yoast-schema-graph\">{\"@context\":\"https:\\\/\\\/schema.org\",\"@graph\":[{\"@type\":\"WebPage\",\"@id\":\"https:\\\/\\\/magazinewise.nl\\\/energiekleiden\\\/word-lid-van-energiek-leiden\\\/\",\"url\":\"https:\\\/\\\/magazinewise.nl\\\/energiekleiden\\\/word-lid-van-energiek-leiden\\\/\",\"name\":\"Welkom bij Energiek Leiden\",\"isPartOf\":{\"@id\":\"https:\\\/\\\/magazinewise.nl\\\/energiekleiden\\\/#website\"},\"primaryImageOfPage\":{\"@id\":\"https:\\\/\\\/magazinewise.nl\\\/energiekleiden\\\/word-lid-van-energiek-leiden\\\/#primaryimage\"},\"image\":{\"@id\":\"https:\\\/\\\/magazinewise.nl\\\/energiekleiden\\\/word-lid-van-energiek-leiden\\\/#primaryimage\"},\"thumbnailUrl\":\"https:\\\/\\\/magazinewise.nl\\\/energiekleiden\\\/wp-content\\\/plugins\\\/formidable\\\/images\\\/ajax_loader.gif\",\"datePublished\":\"2026-01-13T12:36:46+00:00\",\"dateModified\":\"2026-04-15T23:56:08+00:00\",\"description\":\"Hulp bij sneller verduurzamen. Samen met de gemeente Leiden zet Energiek Leiden zich in voor een lagere energierekening en een snellere overstap naar duurzame energie. Voor bewoners, buurten en de hele stad.\",\"breadcrumb\":{\"@id\":\"https:\\\/\\\/magazinewise.nl\\\/energiekleiden\\\/word-lid-van-energiek-leiden\\\/#breadcrumb\"},\"inLanguage\":\"nl-NL\",\"potentialAction\":[{\"@type\":\"ReadAction\",\"target\":[\"https:\\\/\\\/magazinewise.nl\\\/energiekleiden\\\/word-lid-van-energiek-leiden\\\/\"]}]},{\"@type\":\"ImageObject\",\"inLanguage\":\"nl-NL\",\"@id\":\"https:\\\/\\\/magazinewise.nl\\\/energiekleiden\\\/word-lid-van-energiek-leiden\\\/#primaryimage\",\"url\":\"https:\\\/\\\/magazinewise.nl\\\/energiekleiden\\\/wp-content\\\/plugins\\\/formidable\\\/images\\\/ajax_loader.gif\",\"contentUrl\":\"https:\\\/\\\/magazinewise.nl\\\/energiekleiden\\\/wp-content\\\/plugins\\\/formidable\\\/images\\\/ajax_loader.gif\"},{\"@type\":\"BreadcrumbList\",\"@id\":\"https:\\\/\\\/magazinewise.nl\\\/energiekleiden\\\/word-lid-van-energiek-leiden\\\/#breadcrumb\",\"itemListElement\":[{\"@type\":\"ListItem\",\"position\":1,\"name\":\"Home\",\"item\":\"https:\\\/\\\/magazinewise.nl\\\/energiekleiden\\\/\"},{\"@type\":\"ListItem\",\"position\":2,\"name\":\"Word lid van Energiek Leiden\"}]},{\"@type\":\"WebSite\",\"@id\":\"https:\\\/\\\/magazinewise.nl\\\/energiekleiden\\\/#website\",\"url\":\"https:\\\/\\\/magazinewise.nl\\\/energiekleiden\\\/\",\"name\":\"Co&ouml;peratie Energiek Leiden\",\"description\":\"Hulp bij sneller verduurzamen\",\"potentialAction\":[{\"@type\":\"SearchAction\",\"target\":{\"@type\":\"EntryPoint\",\"urlTemplate\":\"https:\\\/\\\/magazinewise.nl\\\/energiekleiden\\\/?s={search_term_string}\"},\"query-input\":{\"@type\":\"PropertyValueSpecification\",\"valueRequired\":true,\"valueName\":\"search_term_string\"}}],\"inLanguage\":\"nl-NL\"}]}<\/script>\n<!-- \/ Yoast SEO plugin. -->","yoast_head_json":{"title":"Welkom bij Energiek Leiden","description":"Hulp bij sneller verduurzamen. Samen met de gemeente Leiden zet Energiek Leiden zich in voor een lagere energierekening en een snellere overstap naar duurzame energie. Voor bewoners, buurten en de hele stad.","robots":{"index":"index","follow":"follow","max-snippet":"max-snippet:-1","max-image-preview":"max-image-preview:large","max-video-preview":"max-video-preview:-1"},"canonical":"https:\/\/magazinewise.nl\/energiekleiden\/word-lid-van-energiek-leiden\/","og_locale":"nl_NL","og_type":"article","og_title":"Welkom bij Energiek Leiden","og_description":"Hulp bij sneller verduurzamen. Samen met de gemeente Leiden zet Energiek Leiden zich in voor een lagere energierekening en een snellere overstap naar duurzame energie. Voor bewoners, buurten en de hele stad.","og_url":"https:\/\/magazinewise.nl\/energiekleiden\/word-lid-van-energiek-leiden\/","og_site_name":"Co&ouml;peratie Energiek Leiden","article_modified_time":"2026-04-15T23:56:08+00:00","og_image":[{"url":"https:\/\/magazinewise.nl\/energiekleiden\/wp-content\/plugins\/formidable\/images\/ajax_loader.gif","type":"","width":"","height":""}],"twitter_misc":{"Geschatte leestijd":"2 minuten"},"schema":{"@context":"https:\/\/schema.org","@graph":[{"@type":"WebPage","@id":"https:\/\/magazinewise.nl\/energiekleiden\/word-lid-van-energiek-leiden\/","url":"https:\/\/magazinewise.nl\/energiekleiden\/word-lid-van-energiek-leiden\/","name":"Welkom bij Energiek Leiden","isPartOf":{"@id":"https:\/\/magazinewise.nl\/energiekleiden\/#website"},"primaryImageOfPage":{"@id":"https:\/\/magazinewise.nl\/energiekleiden\/word-lid-van-energiek-leiden\/#primaryimage"},"image":{"@id":"https:\/\/magazinewise.nl\/energiekleiden\/word-lid-van-energiek-leiden\/#primaryimage"},"thumbnailUrl":"https:\/\/magazinewise.nl\/energiekleiden\/wp-content\/plugins\/formidable\/images\/ajax_loader.gif","datePublished":"2026-01-13T12:36:46+00:00","dateModified":"2026-04-15T23:56:08+00:00","description":"Hulp bij sneller verduurzamen. Samen met de gemeente Leiden zet Energiek Leiden zich in voor een lagere energierekening en een snellere overstap naar duurzame energie. Voor bewoners, buurten en de hele stad.","breadcrumb":{"@id":"https:\/\/magazinewise.nl\/energiekleiden\/word-lid-van-energiek-leiden\/#breadcrumb"},"inLanguage":"nl-NL","potentialAction":[{"@type":"ReadAction","target":["https:\/\/magazinewise.nl\/energiekleiden\/word-lid-van-energiek-leiden\/"]}]},{"@type":"ImageObject","inLanguage":"nl-NL","@id":"https:\/\/magazinewise.nl\/energiekleiden\/word-lid-van-energiek-leiden\/#primaryimage","url":"https:\/\/magazinewise.nl\/energiekleiden\/wp-content\/plugins\/formidable\/images\/ajax_loader.gif","contentUrl":"https:\/\/magazinewise.nl\/energiekleiden\/wp-content\/plugins\/formidable\/images\/ajax_loader.gif"},{"@type":"BreadcrumbList","@id":"https:\/\/magazinewise.nl\/energiekleiden\/word-lid-van-energiek-leiden\/#breadcrumb","itemListElement":[{"@type":"ListItem","position":1,"name":"Home","item":"https:\/\/magazinewise.nl\/energiekleiden\/"},{"@type":"ListItem","position":2,"name":"Word lid van Energiek Leiden"}]},{"@type":"WebSite","@id":"https:\/\/magazinewise.nl\/energiekleiden\/#website","url":"https:\/\/magazinewise.nl\/energiekleiden\/","name":"Co&ouml;peratie Energiek Leiden","description":"Hulp bij sneller verduurzamen","potentialAction":[{"@type":"SearchAction","target":{"@type":"EntryPoint","urlTemplate":"https:\/\/magazinewise.nl\/energiekleiden\/?s={search_term_string}"},"query-input":{"@type":"PropertyValueSpecification","valueRequired":true,"valueName":"search_term_string"}}],"inLanguage":"nl-NL"}]}},"_links":{"self":[{"href":"https:\/\/magazinewise.nl\/energiekleiden\/wp-json\/wp\/v2\/pages\/7666","targetHints":{"allow":["GET"]}}],"collection":[{"href":"https:\/\/magazinewise.nl\/energiekleiden\/wp-json\/wp\/v2\/pages"}],"about":[{"href":"https:\/\/magazinewise.nl\/energiekleiden\/wp-json\/wp\/v2\/types\/page"}],"author":[{"embeddable":true,"href":"https:\/\/magazinewise.nl\/energiekleiden\/wp-json\/wp\/v2\/users\/1"}],"replies":[{"embeddable":true,"href":"https:\/\/magazinewise.nl\/energiekleiden\/wp-json\/wp\/v2\/comments?post=7666"}],"version-history":[{"count":22,"href":"https:\/\/magazinewise.nl\/energiekleiden\/wp-json\/wp\/v2\/pages\/7666\/revisions"}],"predecessor-version":[{"id":10716,"href":"https:\/\/magazinewise.nl\/energiekleiden\/wp-json\/wp\/v2\/pages\/7666\/revisions\/10716"}],"wp:attachment":[{"href":"https:\/\/magazinewise.nl\/energiekleiden\/wp-json\/wp\/v2\/media?parent=7666"}],"curies":[{"name":"wp","href":"https:\/\/api.w.org\/{rel}","templated":true}]}}